{"id":3512,"date":"2015-10-26T08:20:57","date_gmt":"2015-10-26T07:20:57","guid":{"rendered":"https:\/\/gustaviaoffice.com\/?page_id=3512"},"modified":"2018-02-27T14:51:05","modified_gmt":"2018-02-27T13:51:05","slug":"kontorshotell-kontorslokal","status":"publish","type":"page","link":"https:\/\/www.gustaviaoffice.com\/en\/kontorshotell-kontorslokal\/","title":{"rendered":"Offices"},"content":{"rendered":"<p><\/p>\n<h2 style=\"text-align: left;\"><strong><img id=\"hus1\" class=\"alignleft\" src=\"https:\/\/www.gustaviaoffice.com\/wp-content\/uploads\/2015\/09\/hus.jpg\" alt=\"\" \/><\/strong><\/h2>\n<h2><span style=\"color: #800000;\"><strong>Rent an exclusive full service office in a unique building in central\u00a0Stockholm<\/strong><\/span><\/h2>\n<p><span style=\"color: #800000;\">Gustavia Office is a high-end office hotel, situated in the prestigious \u201dFunckska huset\u201d at Kornhamnstorg in the Old town of Stockholm. We provide full service and flexible solutions to your office needs. The building has 6 floors and is served by an elevator. Each room is unique and many have a fantastic view of the water and Stockholm. In total, there are 30 rooms &#8211; many with a great\u00a0view &#8211; and you can rent between 10 and 150 sqm. All spaces are beautifully furnished and decorated.\u00a0<\/span><span style=\"color: #800000;\">The building also has several <em><span style=\"text-decoration: underline;\"><strong><a style=\"color: #800000; text-decoration: underline;\" href=\"https:\/\/www.gustaviaoffice.com\/en\/konferenslokaler-motesrum\/\">rooms for meetings and conferences<\/a><\/strong><\/span>.<\/em><\/span><\/p>\n<p><span style=\"color: #800000;\">The location is central and transports excellent. A taxi stand is just outside the door and the subway station of Old Town and Slussen just a few minutes walk away. The Central Station is only 15 minutes by foot.\u00a0<\/span><span style=\"color: #800000;\">There are a variety of nice caf\u00e9s and restaurants just around the corner as well as facilities such as grocery stores, dry cleaners, banks, post offices etc.<\/span><\/p>\n<p><span style=\"color: #800000;\">Our front desk are staffed during office hours. We help with your deliveries and welcome your visitors.\u00a0<\/span><\/p>\n<p><span style=\"color: #800000;\">Please <strong><span style=\"text-decoration: underline;\"><em><a style=\"color: #800000; text-decoration: underline;\" href=\"https:\/\/www.gustaviaoffice.com\/en\/contact\/\">contact us<\/a><\/em><\/span><\/strong> for more information.<\/span><\/p>\n<h2><span style=\"color: #800000;\"><strong>Gustavia Office offers:<\/strong><\/span><\/h2>\n<ul>\n<li><span style=\"color: #800000;\">\u2022 Fully equipped offices with motorized height adjustable desk<\/span><\/li>\n<li><span style=\"color: #800000;\">\u2022 Access to the office every day, around the clock<\/span><\/li>\n<li><span style=\"color: #800000;\">\u2022 Manned reception (Monday-Thursday 9-17, Friday 9-16, closed for lunch 12-13)<\/span><\/li>\n<li><span style=\"color: #800000;\">\u2022 Access to a kitchenette with coffee and tea<\/span><\/li>\n<li><span style=\"color: #800000;\">\u2022 Access to the 3 meeting rooms<\/span><\/li>\n<li><span style=\"color: #800000;\">\u2022 Access to printer and scanner<\/span><\/li>\n<li><span style=\"color: #800000;\">\u2022 Cleaning and mail handling<\/span><\/li>\n<li><span style=\"color: #800000;\">\u2022 Internet access via fiber<\/span><\/li>\n<li><span style=\"color: #800000;\">\u2022 IP telephony with various PBX solutions<\/span><\/li>\n<\/ul>\n<p>&nbsp;<\/p>\n<p><a href=\"https:\/\/www.gustaviaoffice.com\/en\/wp-content\/uploads\/2016\/06\/Rum22.jpg\"><img loading=\"lazy\" class=\"alignnone wp-image-3775\" src=\"https:\/\/www.gustaviaoffice.com\/wp-content\/uploads\/2016\/06\/Rum22-300x225.jpg\" width=\"350\" height=\"263\" \/><\/a>\u00a0<a href=\"https:\/\/www.gustaviaoffice.com\/wp-content\/uploads\/2015\/10\/HBL2968-Edit.jpg\"><img loading=\"lazy\" class=\"alignnone wp-image-3876\" src=\"https:\/\/www.gustaviaoffice.com\/wp-content\/uploads\/2015\/10\/HBL2968-Edit-250x188.jpg\" alt=\"Varje rum \u00e4r unikt.\" width=\"350\" height=\"263\" srcset=\"https:\/\/www.gustaviaoffice.com\/wp-content\/uploads\/2015\/10\/HBL2968-Edit-250x188.jpg 250w, https:\/\/www.gustaviaoffice.com\/wp-content\/uploads\/2015\/10\/HBL2968-Edit-768x576.jpg 768w, https:\/\/www.gustaviaoffice.com\/wp-content\/uploads\/2015\/10\/HBL2968-Edit-700x525.jpg 700w, https:\/\/www.gustaviaoffice.com\/wp-content\/uploads\/2015\/10\/HBL2968-Edit-120x90.jpg 120w, https:\/\/www.gustaviaoffice.com\/wp-content\/uploads\/2015\/10\/HBL2968-Edit.jpg 2048w\" sizes=\"(max-width: 350px) 100vw, 350px\" \/><\/a>\u00a0<a href=\"https:\/\/www.gustaviaoffice.com\/wp-content\/uploads\/2015\/10\/HBL3004.jpg\"><img loading=\"lazy\" class=\"alignnone wp-image-3842\" src=\"https:\/\/www.gustaviaoffice.com\/wp-content\/uploads\/2015\/10\/HBL3004-250x188.jpg\" alt=\"Unika kontor.\" width=\"350\" height=\"263\" srcset=\"https:\/\/www.gustaviaoffice.com\/wp-content\/uploads\/2015\/10\/HBL3004-250x188.jpg 250w, https:\/\/www.gustaviaoffice.com\/wp-content\/uploads\/2015\/10\/HBL3004-768x576.jpg 768w, https:\/\/www.gustaviaoffice.com\/wp-content\/uploads\/2015\/10\/HBL3004-700x525.jpg 700w, https:\/\/www.gustaviaoffice.com\/wp-content\/uploads\/2015\/10\/HBL3004-120x90.jpg 120w, https:\/\/www.gustaviaoffice.com\/wp-content\/uploads\/2015\/10\/HBL3004.jpg 2048w\" sizes=\"(max-width: 350px) 100vw, 350px\" \/><\/a>\u00a0<a href=\"https:\/\/www.gustaviaoffice.com\/wp-content\/uploads\/2015\/10\/HBL3010-Edit.jpg\"><img loading=\"lazy\" class=\"alignnone wp-image-3843\" src=\"https:\/\/www.gustaviaoffice.com\/wp-content\/uploads\/2015\/10\/HBL3010-Edit-250x188.jpg\" width=\"350\" height=\"263\" srcset=\"https:\/\/www.gustaviaoffice.com\/wp-content\/uploads\/2015\/10\/HBL3010-Edit-250x188.jpg 250w, https:\/\/www.gustaviaoffice.com\/wp-content\/uploads\/2015\/10\/HBL3010-Edit-768x576.jpg 768w, https:\/\/www.gustaviaoffice.com\/wp-content\/uploads\/2015\/10\/HBL3010-Edit-700x525.jpg 700w, https:\/\/www.gustaviaoffice.com\/wp-content\/uploads\/2015\/10\/HBL3010-Edit-120x90.jpg 120w, https:\/\/www.gustaviaoffice.com\/wp-content\/uploads\/2015\/10\/HBL3010-Edit.jpg 2048w\" sizes=\"(max-width: 350px) 100vw, 350px\" \/><\/a>\u00a0<a href=\"https:\/\/www.gustaviaoffice.com\/wp-content\/uploads\/2015\/10\/HBL2986.jpg\"><img loading=\"lazy\" class=\"alignnone wp-image-3877\" src=\"https:\/\/www.gustaviaoffice.com\/wp-content\/uploads\/2015\/10\/HBL2986-250x188.jpg\" alt=\"HBL2986\" width=\"350\" height=\"263\" srcset=\"https:\/\/www.gustaviaoffice.com\/wp-content\/uploads\/2015\/10\/HBL2986-250x188.jpg 250w, https:\/\/www.gustaviaoffice.com\/wp-content\/uploads\/2015\/10\/HBL2986-768x576.jpg 768w, https:\/\/www.gustaviaoffice.com\/wp-content\/uploads\/2015\/10\/HBL2986-700x525.jpg 700w, https:\/\/www.gustaviaoffice.com\/wp-content\/uploads\/2015\/10\/HBL2986-120x90.jpg 120w, https:\/\/www.gustaviaoffice.com\/wp-content\/uploads\/2015\/10\/HBL2986.jpg 2048w\" sizes=\"(max-width: 350px) 100vw, 350px\" \/><\/a>\u00a0<a href=\"https:\/\/www.gustaviaoffice.com\/wp-content\/uploads\/2015\/10\/HBL3019.jpg\"><img loading=\"lazy\" class=\"alignnone wp-image-3878\" src=\"https:\/\/www.gustaviaoffice.com\/wp-content\/uploads\/2015\/10\/HBL3019-250x188.jpg\" width=\"350\" height=\"263\" srcset=\"https:\/\/www.gustaviaoffice.com\/wp-content\/uploads\/2015\/10\/HBL3019-250x188.jpg 250w, https:\/\/www.gustaviaoffice.com\/wp-content\/uploads\/2015\/10\/HBL3019-768x576.jpg 768w, https:\/\/www.gustaviaoffice.com\/wp-content\/uploads\/2015\/10\/HBL3019-700x525.jpg 700w, https:\/\/www.gustaviaoffice.com\/wp-content\/uploads\/2015\/10\/HBL3019-120x90.jpg 120w, https:\/\/www.gustaviaoffice.com\/wp-content\/uploads\/2015\/10\/HBL3019.jpg 2048w\" sizes=\"(max-width: 350px) 100vw, 350px\" \/><\/a><\/p>","protected":false},"excerpt":{"rendered":"Rent an exclusive full service office in a unique building in central\u00a0Stockholm Gustavia Office is a high-end office hotel, situated in the prestigious \u201dFunckska huset\u201d at Kornhamnstorg in the Old town of Stockholm. We provide full service and flexible solutions to your office needs. The building has 6 floors and is served by an elevator&#8230;. <a class=\"view-article\" href=\"https:\/\/www.gustaviaoffice.com\/en\/kontorshotell-kontorslokal\/\">View Article<\/a>","protected":false},"author":1,"featured_media":0,"parent":0,"menu_order":0,"comment_status":"closed","ping_status":"closed","template":"template-undersida.php","meta":[],"yoast_head":"<!-- This site is optimized with the Yoast SEO plugin v15.6.2 - https:\/\/yoast.com\/wordpress\/plugins\/seo\/ -->\n<meta name=\"description\" content=\"Gustavia Office \u00e4r ett exklusivt kontorshotell d\u00e4r vi erbjuder flexibla kontorsl\u00f6sningar mellan 10 till 150 kvm. Kontakta oss med dina \u00f6nskem\u00e5l och behov!\" \/>\n<meta name=\"robots\" content=\"index, follow, max-snippet:-1, max-image-preview:large, max-video-preview:-1\" \/>\n<link rel=\"canonical\" href=\"https:\/\/gustaviaoffice.com\/kontorshotell-kontorslokal\/\" \/>\n<meta property=\"og:locale\" content=\"en_US\" \/>\n<meta property=\"og:type\" content=\"article\" \/>\n<meta property=\"og:title\" content=\"Hyr kontorshotell &amp; kontorslokaler i centrala Stockholm\" \/>\n<meta property=\"og:description\" content=\"Gustavia Office \u00e4r ett exklusivt kontorshotell d\u00e4r vi erbjuder flexibla kontorsl\u00f6sningar mellan 10 till 150 kvm. Kontakta oss med dina \u00f6nskem\u00e5l och behov!\" \/>\n<meta property=\"og:url\" content=\"https:\/\/gustaviaoffice.com\/kontorshotell-kontorslokal\/\" \/>\n<meta property=\"og:site_name\" content=\"Gustavia Office\" \/>\n<meta property=\"article:modified_time\" content=\"2018-02-27T13:51:05+00:00\" \/>\n<meta property=\"og:image\" content=\"http:\/\/www.gustaviaoffice.com\/wp-content\/uploads\/2015\/10\/Kontor-2-700x525.jpg\" \/>\n<meta name=\"twitter:card\" content=\"summary\" \/>\n<meta name=\"twitter:label1\" content=\"Est. reading time\">\n\t<meta name=\"twitter:data1\" content=\"3 minutes\">\n<script type=\"application\/ld+json\" class=\"yoast-schema-graph\">{\"@context\":\"https:\/\/schema.org\",\"@graph\":[{\"@type\":\"WebSite\",\"@id\":\"https:\/\/www.gustaviaoffice.com\/#website\",\"url\":\"https:\/\/www.gustaviaoffice.com\/\",\"name\":\"Gustavia Office\",\"description\":\"\",\"potentialAction\":[{\"@type\":\"SearchAction\",\"target\":\"https:\/\/www.gustaviaoffice.com\/?s={search_term_string}\",\"query-input\":\"required name=search_term_string\"}],\"inLanguage\":\"en\"},{\"@type\":\"ImageObject\",\"@id\":\"https:\/\/gustaviaoffice.com\/kontorshotell-kontorslokal\/#primaryimage\",\"inLanguage\":\"en\",\"url\":\"https:\/\/www.gustaviaoffice.com\/wp-content\/uploads\/2015\/10\/Kontor-2.jpg\",\"width\":2048,\"height\":1536,\"caption\":\"Kontorslokal\"},{\"@type\":\"WebPage\",\"@id\":\"https:\/\/gustaviaoffice.com\/kontorshotell-kontorslokal\/#webpage\",\"url\":\"https:\/\/gustaviaoffice.com\/kontorshotell-kontorslokal\/\",\"name\":\"Hyr kontorshotell & kontorslokaler i centrala Stockholm\",\"isPartOf\":{\"@id\":\"https:\/\/www.gustaviaoffice.com\/#website\"},\"primaryImageOfPage\":{\"@id\":\"https:\/\/gustaviaoffice.com\/kontorshotell-kontorslokal\/#primaryimage\"},\"datePublished\":\"2015-10-26T07:20:57+00:00\",\"dateModified\":\"2018-02-27T13:51:05+00:00\",\"description\":\"Gustavia Office \\u00e4r ett exklusivt kontorshotell d\\u00e4r vi erbjuder flexibla kontorsl\\u00f6sningar mellan 10 till 150 kvm. Kontakta oss med dina \\u00f6nskem\\u00e5l och behov!\",\"inLanguage\":\"en\",\"potentialAction\":[{\"@type\":\"ReadAction\",\"target\":[\"https:\/\/gustaviaoffice.com\/kontorshotell-kontorslokal\/\"]}]}]}<\/script>\n<!-- \/ Yoast SEO plugin. -->","_links":{"self":[{"href":"https:\/\/www.gustaviaoffice.com\/en\/wp-json\/wp\/v2\/pages\/3512"}],"collection":[{"href":"https:\/\/www.gustaviaoffice.com\/en\/wp-json\/wp\/v2\/pages"}],"about":[{"href":"https:\/\/www.gustaviaoffice.com\/en\/wp-json\/wp\/v2\/types\/page"}],"author":[{"embeddable":true,"href":"https:\/\/www.gustaviaoffice.com\/en\/wp-json\/wp\/v2\/users\/1"}],"replies":[{"embeddable":true,"href":"https:\/\/www.gustaviaoffice.com\/en\/wp-json\/wp\/v2\/comments?post=3512"}],"version-history":[{"count":81,"href":"https:\/\/www.gustaviaoffice.com\/en\/wp-json\/wp\/v2\/pages\/3512\/revisions"}],"predecessor-version":[{"id":4223,"href":"https:\/\/www.gustaviaoffice.com\/en\/wp-json\/wp\/v2\/pages\/3512\/revisions\/4223"}],"wp:attachment":[{"href":"https:\/\/www.gustaviaoffice.com\/en\/wp-json\/wp\/v2\/media?parent=3512"}],"curies":[{"name":"wp","href":"https:\/\/api.w.org\/{rel}","templated":true}]}}