{"id":3496,"date":"2015-10-26T08:05:28","date_gmt":"2015-10-26T07:05:28","guid":{"rendered":"https:\/\/gustaviaoffice.com\/?page_id=3496"},"modified":"2018-02-27T14:56:31","modified_gmt":"2018-02-27T13:56:31","slug":"overnattningslagenhet","status":"publish","type":"page","link":"https:\/\/www.gustaviaoffice.com\/en\/overnattningslagenhet\/","title":{"rendered":"Apartments"},"content":{"rendered":"<p><\/p>\n<h2 style=\"text-align: left;\"><strong><img id=\"hus1\" class=\"alignleft\" src=\"https:\/\/www.gustaviaoffice.com\/wp-content\/uploads\/2015\/09\/hus.jpg\" alt=\"\" \/><\/strong><\/h2>\n<h2><span style=\"color: #800000;\"><strong>Stay in the heart of Stockholm, overlooking the rooftops of the Old Town<\/strong><\/span><\/h2>\n<p><span style=\"color: #800000;\">On the top floor of the building Gustavia Office has two apartments available for our guests. They are tastefully furnished and are\u00a0a comfortable alternative to a hotel stay. One apartment has a Jacuzzi and the other has a private roof terrace, with a unique view. The apartments have\u00a0wi-fi. The historic\u00a0streets of the Old Town, with its cafes, restaurants and a variety of attractions is just around the corner.\u00a0You will also find\u00a0all the facilities that you can expect from a city.<\/span><\/p>\n<p><span style=\"color: #800000;\">The apartments are ideal for one night or temporary accommodation.<\/span><\/p>\n<p><span style=\"color: #800000;\">Please <strong><span style=\"text-decoration: underline;\"><em><a style=\"color: #800000; text-decoration: underline;\" href=\"https:\/\/www.gustaviaoffice.com\/en\/contact\/\">contact us<\/a><\/em><\/span><\/strong> for pricing and availability.<\/span><\/p>\n<p>&nbsp;<\/p>\n<h2><a href=\"https:\/\/www.gustaviaoffice.com\/wp-content\/uploads\/2017\/02\/L\u00e4genhet-4.jpg\"><img loading=\"lazy\" class=\"alignnone wp-image-4074\" src=\"https:\/\/www.gustaviaoffice.com\/wp-content\/uploads\/2017\/02\/L\u00e4genhet-4-250x200.jpg\" alt=\"L\u00e4genhet-4\" width=\"350\" height=\"280\" srcset=\"https:\/\/www.gustaviaoffice.com\/wp-content\/uploads\/2017\/02\/L\u00e4genhet-4-250x200.jpg 250w, https:\/\/www.gustaviaoffice.com\/wp-content\/uploads\/2017\/02\/L\u00e4genhet-4-768x614.jpg 768w, https:\/\/www.gustaviaoffice.com\/wp-content\/uploads\/2017\/02\/L\u00e4genhet-4-700x560.jpg 700w, https:\/\/www.gustaviaoffice.com\/wp-content\/uploads\/2017\/02\/L\u00e4genhet-4-120x96.jpg 120w, https:\/\/www.gustaviaoffice.com\/wp-content\/uploads\/2017\/02\/L\u00e4genhet-4.jpg 1148w\" sizes=\"(max-width: 350px) 100vw, 350px\" \/><\/a>\u00a0<a href=\"https:\/\/www.gustaviaoffice.com\/wp-content\/uploads\/2017\/02\/L\u00e4genhet-5.jpg\"><img loading=\"lazy\" class=\"alignnone wp-image-4073\" src=\"https:\/\/www.gustaviaoffice.com\/wp-content\/uploads\/2017\/02\/L\u00e4genhet-5-250x200.jpg\" alt=\"L\u00e4genhet-5\" width=\"350\" height=\"280\" srcset=\"https:\/\/www.gustaviaoffice.com\/wp-content\/uploads\/2017\/02\/L\u00e4genhet-5-250x200.jpg 250w, https:\/\/www.gustaviaoffice.com\/wp-content\/uploads\/2017\/02\/L\u00e4genhet-5-768x614.jpg 768w, https:\/\/www.gustaviaoffice.com\/wp-content\/uploads\/2017\/02\/L\u00e4genhet-5-700x560.jpg 700w, https:\/\/www.gustaviaoffice.com\/wp-content\/uploads\/2017\/02\/L\u00e4genhet-5-120x96.jpg 120w, https:\/\/www.gustaviaoffice.com\/wp-content\/uploads\/2017\/02\/L\u00e4genhet-5.jpg 1148w\" sizes=\"(max-width: 350px) 100vw, 350px\" \/><\/a>\u00a0<a href=\"https:\/\/www.gustaviaoffice.com\/wp-content\/uploads\/2017\/02\/L\u00e4genhet-1.jpg\"><img loading=\"lazy\" class=\"alignnone wp-image-4077\" src=\"https:\/\/www.gustaviaoffice.com\/wp-content\/uploads\/2017\/02\/L\u00e4genhet-1-250x200.jpg\" alt=\"L\u00e4genhet-1\" width=\"350\" height=\"280\" srcset=\"https:\/\/www.gustaviaoffice.com\/wp-content\/uploads\/2017\/02\/L\u00e4genhet-1-250x200.jpg 250w, https:\/\/www.gustaviaoffice.com\/wp-content\/uploads\/2017\/02\/L\u00e4genhet-1-768x614.jpg 768w, https:\/\/www.gustaviaoffice.com\/wp-content\/uploads\/2017\/02\/L\u00e4genhet-1-700x560.jpg 700w, https:\/\/www.gustaviaoffice.com\/wp-content\/uploads\/2017\/02\/L\u00e4genhet-1-120x96.jpg 120w, https:\/\/www.gustaviaoffice.com\/wp-content\/uploads\/2017\/02\/L\u00e4genhet-1.jpg 1148w\" sizes=\"(max-width: 350px) 100vw, 350px\" \/><\/a>\u00a0<a href=\"https:\/\/www.gustaviaoffice.com\/wp-content\/uploads\/2017\/02\/L\u00e4genhet-7.jpg\"><img loading=\"lazy\" class=\"alignnone wp-image-4071\" src=\"https:\/\/www.gustaviaoffice.com\/wp-content\/uploads\/2017\/02\/L\u00e4genhet-7-250x200.jpg\" alt=\"L\u00e4genhet-7\" width=\"350\" height=\"280\" srcset=\"https:\/\/www.gustaviaoffice.com\/wp-content\/uploads\/2017\/02\/L\u00e4genhet-7-250x200.jpg 250w, https:\/\/www.gustaviaoffice.com\/wp-content\/uploads\/2017\/02\/L\u00e4genhet-7-768x614.jpg 768w, https:\/\/www.gustaviaoffice.com\/wp-content\/uploads\/2017\/02\/L\u00e4genhet-7-700x560.jpg 700w, https:\/\/www.gustaviaoffice.com\/wp-content\/uploads\/2017\/02\/L\u00e4genhet-7-120x96.jpg 120w, https:\/\/www.gustaviaoffice.com\/wp-content\/uploads\/2017\/02\/L\u00e4genhet-7.jpg 1148w\" sizes=\"(max-width: 350px) 100vw, 350px\" \/><\/a>\u00a0<a href=\"https:\/\/www.gustaviaoffice.com\/wp-content\/uploads\/2017\/02\/L\u00e4genhet-2.jpg\"><img loading=\"lazy\" class=\"alignnone wp-image-4076\" src=\"https:\/\/www.gustaviaoffice.com\/wp-content\/uploads\/2017\/02\/L\u00e4genhet-2-250x200.jpg\" alt=\"L\u00e4genhet-2\" width=\"350\" height=\"280\" srcset=\"https:\/\/www.gustaviaoffice.com\/wp-content\/uploads\/2017\/02\/L\u00e4genhet-2-250x200.jpg 250w, https:\/\/www.gustaviaoffice.com\/wp-content\/uploads\/2017\/02\/L\u00e4genhet-2-768x614.jpg 768w, https:\/\/www.gustaviaoffice.com\/wp-content\/uploads\/2017\/02\/L\u00e4genhet-2-700x560.jpg 700w, https:\/\/www.gustaviaoffice.com\/wp-content\/uploads\/2017\/02\/L\u00e4genhet-2-120x96.jpg 120w, https:\/\/www.gustaviaoffice.com\/wp-content\/uploads\/2017\/02\/L\u00e4genhet-2.jpg 1148w\" sizes=\"(max-width: 350px) 100vw, 350px\" \/><\/a>\u00a0<a href=\"https:\/\/www.gustaviaoffice.com\/wp-content\/uploads\/2017\/02\/L\u00e4genhet-3.jpg\"><img loading=\"lazy\" class=\"alignnone wp-image-4075\" src=\"https:\/\/www.gustaviaoffice.com\/wp-content\/uploads\/2017\/02\/L\u00e4genhet-3-250x200.jpg\" alt=\"L\u00e4genhet-3\" width=\"350\" height=\"280\" srcset=\"https:\/\/www.gustaviaoffice.com\/wp-content\/uploads\/2017\/02\/L\u00e4genhet-3-250x200.jpg 250w, https:\/\/www.gustaviaoffice.com\/wp-content\/uploads\/2017\/02\/L\u00e4genhet-3-768x614.jpg 768w, https:\/\/www.gustaviaoffice.com\/wp-content\/uploads\/2017\/02\/L\u00e4genhet-3-700x560.jpg 700w, https:\/\/www.gustaviaoffice.com\/wp-content\/uploads\/2017\/02\/L\u00e4genhet-3-120x96.jpg 120w, https:\/\/www.gustaviaoffice.com\/wp-content\/uploads\/2017\/02\/L\u00e4genhet-3.jpg 1148w\" sizes=\"(max-width: 350px) 100vw, 350px\" \/><\/a><\/h2>\n<p><\/p>","protected":false},"excerpt":{"rendered":"Stay in the heart of Stockholm, overlooking the rooftops of the Old Town On the top floor of the building Gustavia Office has two apartments available for our guests. They are tastefully furnished and are\u00a0a comfortable alternative to a hotel stay. One apartment has a Jacuzzi and the other has a private roof terrace, with&#8230; <a class=\"view-article\" href=\"https:\/\/www.gustaviaoffice.com\/en\/overnattningslagenhet\/\">View Article<\/a>","protected":false},"author":1,"featured_media":0,"parent":0,"menu_order":0,"comment_status":"closed","ping_status":"closed","template":"template-undersida.php","meta":[],"yoast_head":"<!-- This site is optimized with the Yoast SEO plugin v15.6.2 - https:\/\/yoast.com\/wordpress\/plugins\/seo\/ -->\n<meta name=\"description\" content=\"H\u00f6gst upp i v\u00e5r byggnad finns det tv\u00e5 tv\u00e5rumsl\u00e4genheter tillg\u00e4ngliga. L\u00e4genheterna \u00e4r perfekta f\u00f6r \u00f6vernattning eller som tillf\u00e4lligt boende!\" \/>\n<meta name=\"robots\" content=\"index, follow, max-snippet:-1, max-image-preview:large, max-video-preview:-1\" \/>\n<link rel=\"canonical\" href=\"https:\/\/gustaviaoffice.com\/overnattningslagenhet\/\" \/>\n<meta property=\"og:locale\" content=\"en_US\" \/>\n<meta property=\"og:type\" content=\"article\" \/>\n<meta property=\"og:title\" content=\"\u00d6vernattningsl\u00e4genhet i gamla stan - Stockholm\" \/>\n<meta property=\"og:description\" content=\"H\u00f6gst upp i v\u00e5r byggnad finns det tv\u00e5 tv\u00e5rumsl\u00e4genheter tillg\u00e4ngliga. L\u00e4genheterna \u00e4r perfekta f\u00f6r \u00f6vernattning eller som tillf\u00e4lligt boende!\" \/>\n<meta property=\"og:url\" content=\"https:\/\/gustaviaoffice.com\/overnattningslagenhet\/\" \/>\n<meta property=\"og:site_name\" content=\"Gustavia Office\" \/>\n<meta property=\"article:modified_time\" content=\"2018-02-27T13:56:31+00:00\" \/>\n<meta property=\"og:image\" content=\"http:\/\/www.gustaviaoffice.com\/wp-content\/uploads\/2015\/09\/hus.jpg\" \/>\n<meta name=\"twitter:card\" content=\"summary\" \/>\n<meta name=\"twitter:label1\" content=\"Est. reading time\">\n\t<meta name=\"twitter:data1\" content=\"1 minute\">\n<script type=\"application\/ld+json\" class=\"yoast-schema-graph\">{\"@context\":\"https:\/\/schema.org\",\"@graph\":[{\"@type\":\"WebSite\",\"@id\":\"https:\/\/www.gustaviaoffice.com\/#website\",\"url\":\"https:\/\/www.gustaviaoffice.com\/\",\"name\":\"Gustavia Office\",\"description\":\"\",\"potentialAction\":[{\"@type\":\"SearchAction\",\"target\":\"https:\/\/www.gustaviaoffice.com\/?s={search_term_string}\",\"query-input\":\"required name=search_term_string\"}],\"inLanguage\":\"en\"},{\"@type\":\"ImageObject\",\"@id\":\"https:\/\/gustaviaoffice.com\/overnattningslagenhet\/#primaryimage\",\"inLanguage\":\"en\",\"url\":\"https:\/\/www.gustaviaoffice.com\/wp-content\/uploads\/2015\/09\/hus.jpg\",\"width\":110,\"height\":275},{\"@type\":\"WebPage\",\"@id\":\"https:\/\/gustaviaoffice.com\/overnattningslagenhet\/#webpage\",\"url\":\"https:\/\/gustaviaoffice.com\/overnattningslagenhet\/\",\"name\":\"\\u00d6vernattningsl\\u00e4genhet i gamla stan - Stockholm\",\"isPartOf\":{\"@id\":\"https:\/\/www.gustaviaoffice.com\/#website\"},\"primaryImageOfPage\":{\"@id\":\"https:\/\/gustaviaoffice.com\/overnattningslagenhet\/#primaryimage\"},\"datePublished\":\"2015-10-26T07:05:28+00:00\",\"dateModified\":\"2018-02-27T13:56:31+00:00\",\"description\":\"H\\u00f6gst upp i v\\u00e5r byggnad finns det tv\\u00e5 tv\\u00e5rumsl\\u00e4genheter tillg\\u00e4ngliga. L\\u00e4genheterna \\u00e4r perfekta f\\u00f6r \\u00f6vernattning eller som tillf\\u00e4lligt boende!\",\"inLanguage\":\"en\",\"potentialAction\":[{\"@type\":\"ReadAction\",\"target\":[\"https:\/\/gustaviaoffice.com\/overnattningslagenhet\/\"]}]}]}<\/script>\n<!-- \/ Yoast SEO plugin. -->","_links":{"self":[{"href":"https:\/\/www.gustaviaoffice.com\/en\/wp-json\/wp\/v2\/pages\/3496"}],"collection":[{"href":"https:\/\/www.gustaviaoffice.com\/en\/wp-json\/wp\/v2\/pages"}],"about":[{"href":"https:\/\/www.gustaviaoffice.com\/en\/wp-json\/wp\/v2\/types\/page"}],"author":[{"embeddable":true,"href":"https:\/\/www.gustaviaoffice.com\/en\/wp-json\/wp\/v2\/users\/1"}],"replies":[{"embeddable":true,"href":"https:\/\/www.gustaviaoffice.com\/en\/wp-json\/wp\/v2\/comments?post=3496"}],"version-history":[{"count":69,"href":"https:\/\/www.gustaviaoffice.com\/en\/wp-json\/wp\/v2\/pages\/3496\/revisions"}],"predecessor-version":[{"id":4225,"href":"https:\/\/www.gustaviaoffice.com\/en\/wp-json\/wp\/v2\/pages\/3496\/revisions\/4225"}],"wp:attachment":[{"href":"https:\/\/www.gustaviaoffice.com\/en\/wp-json\/wp\/v2\/media?parent=3496"}],"curies":[{"name":"wp","href":"https:\/\/api.w.org\/{rel}","templated":true}]}}